{"id":2756,"date":"2025-07-08T09:13:47","date_gmt":"2025-07-08T09:13:47","guid":{"rendered":"https:\/\/hapbeijum.nl\/?page_id=2756"},"modified":"2025-09-19T11:58:00","modified_gmt":"2025-09-19T11:58:00","slug":"nieuwsarchief","status":"publish","type":"page","link":"https:\/\/hapbeijum.nl\/en\/nieuwsarchief\/","title":{"rendered":"News Archive"},"content":{"rendered":"<div data-elementor-type=\"wp-page\" data-elementor-id=\"2756\" class=\"elementor elementor-2756\" data-elementor-post-type=\"page\">\n\t\t\t\t\t\t<section class=\"elementor-section elementor-top-section elementor-element elementor-element-470f0332 elementor-section-full_width elementor-section-stretched elementor-section-height-default elementor-section-height-default\" data-id=\"470f0332\" data-element_type=\"section\" data-e-type=\"section\" data-settings=\"{&quot;stretch_section&quot;:&quot;section-stretched&quot;,&quot;shape_divider_bottom&quot;:&quot;pyramids&quot;,&quot;shape_divider_bottom_negative&quot;:&quot;yes&quot;}\">\n\t\t\t\t\t<div class=\"elementor-shape elementor-shape-bottom\" aria-hidden=\"true\" data-negative=\"true\">\n\t\t\t<svg xmlns=\"http:\/\/www.w3.org\/2000\/svg\" viewbox=\"0 0 1000 100\" preserveaspectratio=\"none\">\n\t<path class=\"elementor-shape-fill\" d=\"M761.9,40.6L643.1,24L333.9,93.8L0.1,1H0v99h1000V1\"\/>\n<\/svg>\t\t<\/div>\n\t\t\t\t\t<div class=\"elementor-container elementor-column-gap-no\">\n\t\t\t\t\t<div class=\"elementor-column elementor-col-100 elementor-top-column elementor-element elementor-element-6b72f94e\" data-id=\"6b72f94e\" data-element_type=\"column\" data-e-type=\"column\">\n\t\t\t<div class=\"elementor-widget-wrap elementor-element-populated\">\n\t\t\t\t\t\t<div class=\"elementor-element elementor-element-6077ea99 elementor--h-position-center elementor--v-position-middle elementor-arrows-position-inside elementor-widget elementor-widget-slides\" data-id=\"6077ea99\" data-element_type=\"widget\" data-e-type=\"widget\" data-settings=\"{&quot;navigation&quot;:&quot;arrows&quot;,&quot;autoplay&quot;:&quot;yes&quot;,&quot;pause_on_hover&quot;:&quot;yes&quot;,&quot;pause_on_interaction&quot;:&quot;yes&quot;,&quot;autoplay_speed&quot;:5000,&quot;infinite&quot;:&quot;yes&quot;,&quot;transition&quot;:&quot;slide&quot;,&quot;transition_speed&quot;:500}\" data-widget_type=\"slides.default\">\n\t\t\t\t<div class=\"elementor-widget-container\">\n\t\t\t\t\t\t\t\t\t<div class=\"elementor-swiper\">\n\t\t\t\t\t<div class=\"elementor-slides-wrapper elementor-main-swiper swiper\" role=\"region\" aria-roledescription=\"carousel\" aria-label=\"Slides\" dir=\"ltr\" data-animation=\"fadeInUp\">\n\t\t\t\t<div class=\"swiper-wrapper elementor-slides\">\n\t\t\t\t\t\t\t\t\t\t<div class=\"elementor-repeater-item-bd35d35 swiper-slide\" role=\"group\" aria-roledescription=\"slide\"><div class=\"swiper-slide-bg\" role=\"img\" aria-label=\"bloeddruk meting\"><\/div><div class=\"elementor-background-overlay\"><\/div><div class=\"swiper-slide-inner\" ><div class=\"swiper-slide-contents\"><div class=\"elementor-slide-heading\">News Archive<\/div><\/div><\/div><\/div>\t\t\t\t<\/div>\n\t\t\t\t\t\t\t<\/div>\n\t\t\t\t<\/div>\n\t\t\t\t\t\t\t\t<\/div>\n\t\t\t\t<\/div>\n\t\t\t\t\t<\/div>\n\t\t<\/div>\n\t\t\t\t\t<\/div>\n\t\t<\/section>\n\t\t\t\t<section class=\"elementor-section elementor-top-section elementor-element elementor-element-150d8089 elementor-section-content-top elementor-section-boxed elementor-section-height-default elementor-section-height-default\" data-id=\"150d8089\" data-element_type=\"section\" data-e-type=\"section\">\n\t\t\t\t\t\t<div class=\"elementor-container elementor-column-gap-wider\">\n\t\t\t\t\t<div class=\"elementor-column elementor-col-50 elementor-top-column elementor-element elementor-element-31526611\" data-id=\"31526611\" data-element_type=\"column\" data-e-type=\"column\">\n\t\t\t<div class=\"elementor-widget-wrap elementor-element-populated\">\n\t\t\t\t\t\t<div class=\"elementor-element elementor-element-a55dc61 elementor-widget elementor-widget-heading\" data-id=\"a55dc61\" data-element_type=\"widget\" data-e-type=\"widget\" data-widget_type=\"heading.default\">\n\t\t\t\t<div class=\"elementor-widget-container\">\n\t\t\t\t\t<h1 class=\"elementor-heading-title elementor-size-default\">News Archive<\/h1>\t\t\t\t<\/div>\n\t\t\t\t<\/div>\n\t\t\t\t<div class=\"elementor-element elementor-element-09db5c9 elementor-grid-1 elementor-posts--thumbnail-none elementor-grid-tablet-2 elementor-grid-mobile-1 elementor-widget elementor-widget-posts\" data-id=\"09db5c9\" data-element_type=\"widget\" data-e-type=\"widget\" data-settings=\"{&quot;classic_columns&quot;:&quot;1&quot;,&quot;pagination_type&quot;:&quot;numbers_and_prev_next&quot;,&quot;classic_columns_tablet&quot;:&quot;2&quot;,&quot;classic_columns_mobile&quot;:&quot;1&quot;,&quot;classic_row_gap&quot;:{&quot;unit&quot;:&quot;px&quot;,&quot;size&quot;:35,&quot;sizes&quot;:[]},&quot;classic_row_gap_tablet&quot;:{&quot;unit&quot;:&quot;px&quot;,&quot;size&quot;:&quot;&quot;,&quot;sizes&quot;:[]},&quot;classic_row_gap_mobile&quot;:{&quot;unit&quot;:&quot;px&quot;,&quot;size&quot;:&quot;&quot;,&quot;sizes&quot;:[]}}\" data-widget_type=\"posts.classic\">\n\t\t\t\t<div class=\"elementor-widget-container\">\n\t\t\t\t\t\t\t<div class=\"elementor-posts-container elementor-posts elementor-posts--skin-classic elementor-grid\" role=\"list\">\n\t\t\t\t<article class=\"elementor-post elementor-grid-item post-2964 post type-post status-publish format-standard hentry category-geen-categorie\" role=\"listitem\">\n\t\t\t\t<div class=\"elementor-post__text\">\n\t\t\t\t<h3 class=\"elementor-post__title\">\n\t\t\t<a href=\"https:\/\/hapbeijum.nl\/en\/dhr-e-a-b-ter-steege-huisarts-is-gedurende-een-aantal-maanden-afwezig-en-voert-in-deze-periode-geen-praktijk\/\" >\n\t\t\t\tDhr. E.A.B. ter Steege, huisarts\u00a0is gedurende een aantal maanden afwezig en voert in deze periode geen praktijk.\t\t\t<\/a>\n\t\t<\/h3>\n\t\t\t\t<div class=\"elementor-post__meta-data\">\n\t\t\t\t\t<span class=\"elementor-post-date\">\n\t\t\t30 March 2026\t\t<\/span>\n\t\t\t\t<\/div>\n\t\t\t\t<div class=\"elementor-post__excerpt\">\n\t\t\t<p>Dhr. E.A.B. ter Steege, huisarts \u00a0is gedurende een aantal maanden afwezig en voert in deze periode geen praktijk. De spreekuren worden tijdelijk waargenomen door dhr. T. van den Berg en onze HIDHA, mevrouw R. v.d. Hoogen.<\/p>\n\t\t<\/div>\n\t\t\t\t\t<div class=\"elementor-post__read-more-wrapper\">\n\t\t\n\t\t<a class=\"elementor-post__read-more\" href=\"https:\/\/hapbeijum.nl\/en\/dhr-e-a-b-ter-steege-huisarts-is-gedurende-een-aantal-maanden-afwezig-en-voert-in-deze-periode-geen-praktijk\/\" aria-label=\"Read more about Dhr. E.A.B. ter Steege, huisarts\u00a0is gedurende een aantal maanden afwezig en voert in deze periode geen praktijk.\" tabindex=\"-1\" >\n\t\t\tRead more \u00bb\t\t<\/a>\n\n\t\t\t\t\t<\/div>\n\t\t\t\t<\/div>\n\t\t\t\t<\/article>\n\t\t\t\t<article class=\"elementor-post elementor-grid-item post-2907 post type-post status-publish format-standard hentry category-geen-categorie\" role=\"listitem\">\n\t\t\t\t<div class=\"elementor-post__text\">\n\t\t\t\t<h3 class=\"elementor-post__title\">\n\t\t\t<a href=\"https:\/\/hapbeijum.nl\/en\/per-1-januari-2026-is-dhr-jeroen-boekema-toegetreden-in-de-maatschap\/\" >\n\t\t\t\tAs of January 1, 2026, Mr. Jeroen Boekema has joined the partnership.\t\t\t<\/a>\n\t\t<\/h3>\n\t\t\t\t<div class=\"elementor-post__meta-data\">\n\t\t\t\t\t<span class=\"elementor-post-date\">\n\t\t\t15 January 2026\t\t<\/span>\n\t\t\t\t<\/div>\n\t\t\t\t<div class=\"elementor-post__excerpt\">\n\t\t\t<p>The Beijum General Practitioners partnership now consists of Dr. A.J. Luteijn, Ms. M.R. Westerman, Mr. E.A.B. ter Steege, and Mr. J. Boekema.<\/p>\n\t\t<\/div>\n\t\t\t\t\t<div class=\"elementor-post__read-more-wrapper\">\n\t\t\n\t\t<a class=\"elementor-post__read-more\" href=\"https:\/\/hapbeijum.nl\/en\/per-1-januari-2026-is-dhr-jeroen-boekema-toegetreden-in-de-maatschap\/\" aria-label=\"Read more about Per 1 januari 2026 is dhr. Jeroen Boekema toegetreden in de maatschap.\" tabindex=\"-1\" >\n\t\t\tRead more \u00bb\t\t<\/a>\n\n\t\t\t\t\t<\/div>\n\t\t\t\t<\/div>\n\t\t\t\t<\/article>\n\t\t\t\t<article class=\"elementor-post elementor-grid-item post-2809 post type-post status-publish format-standard hentry category-geen-categorie\" role=\"listitem\">\n\t\t\t\t<div class=\"elementor-post__text\">\n\t\t\t\t<h3 class=\"elementor-post__title\">\n\t\t\t<a href=\"https:\/\/hapbeijum.nl\/en\/dokterdienst-groningen-wordt-doknoord\/\" >\n\t\t\t\tDoktersdienst Groningen becomes DokNoord\t\t\t<\/a>\n\t\t<\/h3>\n\t\t\t\t<div class=\"elementor-post__meta-data\">\n\t\t\t\t\t<span class=\"elementor-post-date\">\n\t\t\t30 October 2025\t\t<\/span>\n\t\t\t\t<\/div>\n\t\t\t\t<div class=\"elementor-post__excerpt\">\n\t\t\t<p>Sinds 1 mei 2023 vallen werkorganisaties Doktersdienst Groningen, Elann en GHC onderde regionale huisartsenorganisatie DokNoord. E\u00e9n aanspreekpunt en \u00e9\u00e9n gezamenlijke ambitie, dat vraagt om \u00e9\u00e9n duidelijke herkenbare naam. Daarom is besloten dat de drie werkorganisaties vanaf 3 november 2025 onder dezelfde naam naar buiten treden: DokNoord. Om duidelijk herkenbaar te blijven hanteert Doktersdienst Groningen vanaf<\/p>\n\t\t<\/div>\n\t\t\t\t\t<div class=\"elementor-post__read-more-wrapper\">\n\t\t\n\t\t<a class=\"elementor-post__read-more\" href=\"https:\/\/hapbeijum.nl\/en\/dokterdienst-groningen-wordt-doknoord\/\" aria-label=\"Read more about Dokterdienst Groningen wordt DokNoord\" tabindex=\"-1\" >\n\t\t\tRead more \u00bb\t\t<\/a>\n\n\t\t\t\t\t<\/div>\n\t\t\t\t<\/div>\n\t\t\t\t<\/article>\n\t\t\t\t<article class=\"elementor-post elementor-grid-item post-2774 post type-post status-publish format-standard hentry category-geen-categorie\" role=\"listitem\">\n\t\t\t\t<div class=\"elementor-post__text\">\n\t\t\t\t<h3 class=\"elementor-post__title\">\n\t\t\t<a href=\"https:\/\/hapbeijum.nl\/en\/griep-en-pneumokokken-vaccinaties-2025\/\" >\n\t\t\t\tFlu and Pneumococcal Vaccinations 2025\t\t\t<\/a>\n\t\t<\/h3>\n\t\t\t\t<div class=\"elementor-post__meta-data\">\n\t\t\t\t\t<span class=\"elementor-post-date\">\n\t\t\t19 September 2025\t\t<\/span>\n\t\t\t\t<\/div>\n\t\t\t\t<div class=\"elementor-post__excerpt\">\n\t\t\t<p>Op dinsdag 14 en donderdag 16 oktober worden de griep en pneumokokken vaccinaties gegeven Tijdstip : vanaf 16.00 tot 18.00 uur. U kunt ALLEEN een vaccinatie krijgen als een u een formulier voor een uitnodiging van ons heeft ontvangen. Deze dient u ook mee te nemen, zonder brief geen vaccinatie. Flu and pneumo vaccinations will<\/p>\n\t\t<\/div>\n\t\t\t\t\t<div class=\"elementor-post__read-more-wrapper\">\n\t\t\n\t\t<a class=\"elementor-post__read-more\" href=\"https:\/\/hapbeijum.nl\/en\/griep-en-pneumokokken-vaccinaties-2025\/\" aria-label=\"Read more about Griep en Pneumokokken vaccinaties 2025\" tabindex=\"-1\" >\n\t\t\tRead more \u00bb\t\t<\/a>\n\n\t\t\t\t\t<\/div>\n\t\t\t\t<\/div>\n\t\t\t\t<\/article>\n\t\t\t\t<article class=\"elementor-post elementor-grid-item post-2781 post type-post status-publish format-standard has-post-thumbnail hentry category-geen-categorie\" role=\"listitem\">\n\t\t\t\t<div class=\"elementor-post__text\">\n\t\t\t\t<h3 class=\"elementor-post__title\">\n\t\t\t<a href=\"https:\/\/hapbeijum.nl\/en\/exposant-kunstwerken\/\" >\n\t\t\t\tExhibitor \/ Artworks\t\t\t<\/a>\n\t\t<\/h3>\n\t\t\t\t<div class=\"elementor-post__meta-data\">\n\t\t\t\t\t<span class=\"elementor-post-date\">\n\t\t\t19 September 2025\t\t<\/span>\n\t\t\t\t<\/div>\n\t\t\t\t<div class=\"elementor-post__excerpt\">\n\t\t\t<p>Vanaf begin september hangen er vernieuwde kunstwerken in onze praktijk. Mocht u omtrent de werken informatie willen opvragen kunt u dat doen via www.gerardlakke.nl of mail naar gerard.lakke@ziggo.nl From the beginning of this month, new artworks are being displayed in our practice. If you would like to receive more information, please contact us.<\/p>\n\t\t<\/div>\n\t\t\t\t\t<div class=\"elementor-post__read-more-wrapper\">\n\t\t\n\t\t<a class=\"elementor-post__read-more\" href=\"https:\/\/hapbeijum.nl\/en\/exposant-kunstwerken\/\" aria-label=\"Read more about Exposant \/ kunstwerken\" tabindex=\"-1\" >\n\t\t\tRead more \u00bb\t\t<\/a>\n\n\t\t\t\t\t<\/div>\n\t\t\t\t<\/div>\n\t\t\t\t<\/article>\n\t\t\t\t<\/div>\n\t\t\n\t\t\t\t<div class=\"e-load-more-anchor\" data-page=\"1\" data-max-page=\"2\" data-next-page=\"https:\/\/hapbeijum.nl\/en\/wp-json\/wp\/v2\/pages\/2756\/page\/2\/\"><\/div>\n\t\t\t\t<nav class=\"elementor-pagination\" aria-label=\"Pagination\">\n\t\t\t<span class=\"page-numbers prev\">\u00ab Previous<\/span>\n<span aria-current=\"page\" class=\"page-numbers current\"><span class=\"elementor-screen-only\">Page<\/span>1<\/span>\n<a class=\"page-numbers\" href=\"https:\/\/hapbeijum.nl\/en\/wp-json\/wp\/v2\/pages\/2756\/page\/2\/\"><span class=\"elementor-screen-only\">Page<\/span>2<\/a>\n<a class=\"page-numbers next\" href=\"https:\/\/hapbeijum.nl\/en\/wp-json\/wp\/v2\/pages\/2756\/page\/2\/\">Next \u00bb<\/a>\t\t<\/nav>\n\t\t\t\t\t\t<\/div>\n\t\t\t\t<\/div>\n\t\t\t\t\t<\/div>\n\t\t<\/div>\n\t\t\t\t<div class=\"elementor-column elementor-col-50 elementor-top-column elementor-element elementor-element-414be949\" data-id=\"414be949\" data-element_type=\"column\" data-e-type=\"column\">\n\t\t\t<div class=\"elementor-widget-wrap elementor-element-populated\">\n\t\t\t\t\t\t<div class=\"elementor-element elementor-element-7305c2ee elementor-widget elementor-widget-image\" data-id=\"7305c2ee\" data-element_type=\"widget\" data-e-type=\"widget\" data-widget_type=\"image.default\">\n\t\t\t\t<div class=\"elementor-widget-container\">\n\t\t\t\t\t\t\t\t\t\t\t\t\t\t\t<img fetchpriority=\"high\" decoding=\"async\" width=\"640\" height=\"480\" src=\"https:\/\/hapbeijum.nl\/wp-content\/uploads\/2020\/11\/Huisartsenpraktijk-Beijum.jpg\" class=\"attachment-large size-large wp-image-185\" alt=\"Huisartsenpraktijk Beijum\" srcset=\"https:\/\/hapbeijum.nl\/wp-content\/uploads\/2020\/11\/Huisartsenpraktijk-Beijum.jpg 640w, https:\/\/hapbeijum.nl\/wp-content\/uploads\/2020\/11\/Huisartsenpraktijk-Beijum-300x225.jpg 300w\" sizes=\"(max-width: 640px) 100vw, 640px\" \/>\t\t\t\t\t\t\t\t\t\t\t\t\t\t\t<\/div>\n\t\t\t\t<\/div>\n\t\t\t\t\t<\/div>\n\t\t<\/div>\n\t\t\t\t\t<\/div>\n\t\t<\/section>\n\t\t\t\t<\/div>","protected":false},"excerpt":{"rendered":"<p>Nieuwsarchief Nieuwsarchief<\/p>","protected":false},"author":1,"featured_media":0,"parent":0,"menu_order":0,"comment_status":"closed","ping_status":"closed","template":"","meta":{"footnotes":""},"class_list":["post-2756","page","type-page","status-publish","hentry"],"yoast_head":"<!-- This site is optimized with the Yoast SEO plugin v27.4 - https:\/\/yoast.com\/product\/yoast-seo-wordpress\/ -->\n<title>Nieuwsarchief - Huisartsen Beijum<\/title>\n<meta name=\"robots\" content=\"index, follow, max-snippet:-1, max-image-preview:large, max-video-preview:-1\" \/>\n<link rel=\"canonical\" href=\"https:\/\/hapbeijum.nl\/en\/nieuwsarchief\/\" \/>\n<meta property=\"og:locale\" content=\"en_GB\" \/>\n<meta property=\"og:type\" content=\"article\" \/>\n<meta property=\"og:title\" content=\"Nieuwsarchief - Huisartsen Beijum\" \/>\n<meta property=\"og:description\" content=\"Nieuwsarchief Nieuwsarchief\" \/>\n<meta property=\"og:url\" content=\"https:\/\/hapbeijum.nl\/en\/nieuwsarchief\/\" \/>\n<meta property=\"og:site_name\" content=\"Huisartsen Beijum\" \/>\n<meta property=\"article:modified_time\" content=\"2025-09-19T11:58:00+00:00\" \/>\n<meta property=\"og:image\" content=\"https:\/\/hapbeijum.nl\/wp-content\/uploads\/2020\/11\/Huisartsenpraktijk-Beijum.jpg\" \/>\n\t<meta property=\"og:image:width\" content=\"640\" \/>\n\t<meta property=\"og:image:height\" content=\"480\" \/>\n\t<meta property=\"og:image:type\" content=\"image\/jpeg\" \/>\n<meta name=\"twitter:card\" content=\"summary_large_image\" \/>\n<meta name=\"twitter:label1\" content=\"Estimated reading time\" \/>\n\t<meta name=\"twitter:data1\" content=\"2 minutes\" \/>\n<script type=\"application\/ld+json\" class=\"yoast-schema-graph\">{\"@context\":\"https:\\\/\\\/schema.org\",\"@graph\":[{\"@type\":\"WebPage\",\"@id\":\"https:\\\/\\\/hapbeijum.nl\\\/nieuwsarchief\\\/\",\"url\":\"https:\\\/\\\/hapbeijum.nl\\\/nieuwsarchief\\\/\",\"name\":\"Nieuwsarchief - Huisartsen Beijum\",\"isPartOf\":{\"@id\":\"https:\\\/\\\/hapbeijum.nl\\\/#website\"},\"primaryImageOfPage\":{\"@id\":\"https:\\\/\\\/hapbeijum.nl\\\/nieuwsarchief\\\/#primaryimage\"},\"image\":{\"@id\":\"https:\\\/\\\/hapbeijum.nl\\\/nieuwsarchief\\\/#primaryimage\"},\"thumbnailUrl\":\"https:\\\/\\\/hapbeijum.nl\\\/wp-content\\\/uploads\\\/2020\\\/11\\\/Huisartsenpraktijk-Beijum.jpg\",\"datePublished\":\"2025-07-08T09:13:47+00:00\",\"dateModified\":\"2025-09-19T11:58:00+00:00\",\"breadcrumb\":{\"@id\":\"https:\\\/\\\/hapbeijum.nl\\\/nieuwsarchief\\\/#breadcrumb\"},\"inLanguage\":\"en-GB\",\"potentialAction\":[{\"@type\":\"ReadAction\",\"target\":[\"https:\\\/\\\/hapbeijum.nl\\\/nieuwsarchief\\\/\"]}]},{\"@type\":\"ImageObject\",\"inLanguage\":\"en-GB\",\"@id\":\"https:\\\/\\\/hapbeijum.nl\\\/nieuwsarchief\\\/#primaryimage\",\"url\":\"https:\\\/\\\/hapbeijum.nl\\\/wp-content\\\/uploads\\\/2020\\\/11\\\/Huisartsenpraktijk-Beijum.jpg\",\"contentUrl\":\"https:\\\/\\\/hapbeijum.nl\\\/wp-content\\\/uploads\\\/2020\\\/11\\\/Huisartsenpraktijk-Beijum.jpg\"},{\"@type\":\"BreadcrumbList\",\"@id\":\"https:\\\/\\\/hapbeijum.nl\\\/nieuwsarchief\\\/#breadcrumb\",\"itemListElement\":[{\"@type\":\"ListItem\",\"position\":1,\"name\":\"Home\",\"item\":\"https:\\\/\\\/hapbeijum.nl\\\/\"},{\"@type\":\"ListItem\",\"position\":2,\"name\":\"Nieuwsarchief\"}]},{\"@type\":\"WebSite\",\"@id\":\"https:\\\/\\\/hapbeijum.nl\\\/#website\",\"url\":\"https:\\\/\\\/hapbeijum.nl\\\/\",\"name\":\"Huisartsen Beijum\",\"description\":\"\",\"publisher\":{\"@id\":\"https:\\\/\\\/hapbeijum.nl\\\/#organization\"},\"potentialAction\":[{\"@type\":\"SearchAction\",\"target\":{\"@type\":\"EntryPoint\",\"urlTemplate\":\"https:\\\/\\\/hapbeijum.nl\\\/?s={search_term_string}\"},\"query-input\":{\"@type\":\"PropertyValueSpecification\",\"valueRequired\":true,\"valueName\":\"search_term_string\"}}],\"inLanguage\":\"en-GB\"},{\"@type\":\"Organization\",\"@id\":\"https:\\\/\\\/hapbeijum.nl\\\/#organization\",\"name\":\"Huisartsen Beijum\",\"url\":\"https:\\\/\\\/hapbeijum.nl\\\/\",\"logo\":{\"@type\":\"ImageObject\",\"inLanguage\":\"en-GB\",\"@id\":\"https:\\\/\\\/hapbeijum.nl\\\/#\\\/schema\\\/logo\\\/image\\\/\",\"url\":\"https:\\\/\\\/hapbeijum.nl\\\/wp-content\\\/uploads\\\/2020\\\/11\\\/praktijklogo.png\",\"contentUrl\":\"https:\\\/\\\/hapbeijum.nl\\\/wp-content\\\/uploads\\\/2020\\\/11\\\/praktijklogo.png\",\"width\":351,\"height\":154,\"caption\":\"Huisartsen Beijum\"},\"image\":{\"@id\":\"https:\\\/\\\/hapbeijum.nl\\\/#\\\/schema\\\/logo\\\/image\\\/\"}}]}<\/script>\n<!-- \/ Yoast SEO plugin. -->","yoast_head_json":{"title":"Nieuwsarchief - Huisartsen Beijum","robots":{"index":"index","follow":"follow","max-snippet":"max-snippet:-1","max-image-preview":"max-image-preview:large","max-video-preview":"max-video-preview:-1"},"canonical":"https:\/\/hapbeijum.nl\/en\/nieuwsarchief\/","og_locale":"en_GB","og_type":"article","og_title":"Nieuwsarchief - Huisartsen Beijum","og_description":"Nieuwsarchief Nieuwsarchief","og_url":"https:\/\/hapbeijum.nl\/en\/nieuwsarchief\/","og_site_name":"Huisartsen Beijum","article_modified_time":"2025-09-19T11:58:00+00:00","og_image":[{"width":640,"height":480,"url":"https:\/\/hapbeijum.nl\/wp-content\/uploads\/2020\/11\/Huisartsenpraktijk-Beijum.jpg","type":"image\/jpeg"}],"twitter_card":"summary_large_image","twitter_misc":{"Estimated reading time":"2 minutes"},"schema":{"@context":"https:\/\/schema.org","@graph":[{"@type":"WebPage","@id":"https:\/\/hapbeijum.nl\/nieuwsarchief\/","url":"https:\/\/hapbeijum.nl\/nieuwsarchief\/","name":"Nieuwsarchief - Huisartsen Beijum","isPartOf":{"@id":"https:\/\/hapbeijum.nl\/#website"},"primaryImageOfPage":{"@id":"https:\/\/hapbeijum.nl\/nieuwsarchief\/#primaryimage"},"image":{"@id":"https:\/\/hapbeijum.nl\/nieuwsarchief\/#primaryimage"},"thumbnailUrl":"https:\/\/hapbeijum.nl\/wp-content\/uploads\/2020\/11\/Huisartsenpraktijk-Beijum.jpg","datePublished":"2025-07-08T09:13:47+00:00","dateModified":"2025-09-19T11:58:00+00:00","breadcrumb":{"@id":"https:\/\/hapbeijum.nl\/nieuwsarchief\/#breadcrumb"},"inLanguage":"en-GB","potentialAction":[{"@type":"ReadAction","target":["https:\/\/hapbeijum.nl\/nieuwsarchief\/"]}]},{"@type":"ImageObject","inLanguage":"en-GB","@id":"https:\/\/hapbeijum.nl\/nieuwsarchief\/#primaryimage","url":"https:\/\/hapbeijum.nl\/wp-content\/uploads\/2020\/11\/Huisartsenpraktijk-Beijum.jpg","contentUrl":"https:\/\/hapbeijum.nl\/wp-content\/uploads\/2020\/11\/Huisartsenpraktijk-Beijum.jpg"},{"@type":"BreadcrumbList","@id":"https:\/\/hapbeijum.nl\/nieuwsarchief\/#breadcrumb","itemListElement":[{"@type":"ListItem","position":1,"name":"Home","item":"https:\/\/hapbeijum.nl\/"},{"@type":"ListItem","position":2,"name":"Nieuwsarchief"}]},{"@type":"WebSite","@id":"https:\/\/hapbeijum.nl\/#website","url":"https:\/\/hapbeijum.nl\/","name":"Huisartsen Beijum","description":"","publisher":{"@id":"https:\/\/hapbeijum.nl\/#organization"},"potentialAction":[{"@type":"SearchAction","target":{"@type":"EntryPoint","urlTemplate":"https:\/\/hapbeijum.nl\/?s={search_term_string}"},"query-input":{"@type":"PropertyValueSpecification","valueRequired":true,"valueName":"search_term_string"}}],"inLanguage":"en-GB"},{"@type":"Organization","@id":"https:\/\/hapbeijum.nl\/#organization","name":"Huisartsen Beijum","url":"https:\/\/hapbeijum.nl\/","logo":{"@type":"ImageObject","inLanguage":"en-GB","@id":"https:\/\/hapbeijum.nl\/#\/schema\/logo\/image\/","url":"https:\/\/hapbeijum.nl\/wp-content\/uploads\/2020\/11\/praktijklogo.png","contentUrl":"https:\/\/hapbeijum.nl\/wp-content\/uploads\/2020\/11\/praktijklogo.png","width":351,"height":154,"caption":"Huisartsen Beijum"},"image":{"@id":"https:\/\/hapbeijum.nl\/#\/schema\/logo\/image\/"}}]}},"_links":{"self":[{"href":"https:\/\/hapbeijum.nl\/en\/wp-json\/wp\/v2\/pages\/2756","targetHints":{"allow":["GET"]}}],"collection":[{"href":"https:\/\/hapbeijum.nl\/en\/wp-json\/wp\/v2\/pages"}],"about":[{"href":"https:\/\/hapbeijum.nl\/en\/wp-json\/wp\/v2\/types\/page"}],"author":[{"embeddable":true,"href":"https:\/\/hapbeijum.nl\/en\/wp-json\/wp\/v2\/users\/1"}],"replies":[{"embeddable":true,"href":"https:\/\/hapbeijum.nl\/en\/wp-json\/wp\/v2\/comments?post=2756"}],"version-history":[{"count":13,"href":"https:\/\/hapbeijum.nl\/en\/wp-json\/wp\/v2\/pages\/2756\/revisions"}],"predecessor-version":[{"id":2780,"href":"https:\/\/hapbeijum.nl\/en\/wp-json\/wp\/v2\/pages\/2756\/revisions\/2780"}],"wp:attachment":[{"href":"https:\/\/hapbeijum.nl\/en\/wp-json\/wp\/v2\/media?parent=2756"}],"curies":[{"name":"wp","href":"https:\/\/api.w.org\/{rel}","templated":true}]}}