{"id":206,"date":"2020-12-21T14:55:45","date_gmt":"2020-12-21T14:55:45","guid":{"rendered":"https:\/\/hapbeijum.nl\/?page_id=206"},"modified":"2025-02-25T08:46:41","modified_gmt":"2025-02-25T08:46:41","slug":"aanmelden","status":"publish","type":"page","link":"https:\/\/hapbeijum.nl\/ar\/aanmelden\/","title":{"rendered":"\u0627\u0644\u062a\u0633\u062c\u064a\u0644"},"content":{"rendered":"<div data-elementor-type=\"wp-page\" data-elementor-id=\"206\" class=\"elementor elementor-206\" data-elementor-post-type=\"page\">\n\t\t\t\t\t\t<section class=\"elementor-section elementor-top-section elementor-element elementor-element-5e29570f elementor-section-full_width elementor-section-stretched elementor-section-height-default elementor-section-height-default\" data-id=\"5e29570f\" data-element_type=\"section\" data-e-type=\"section\" data-settings=\"{&quot;stretch_section&quot;:&quot;section-stretched&quot;,&quot;shape_divider_bottom&quot;:&quot;pyramids&quot;,&quot;shape_divider_bottom_negative&quot;:&quot;yes&quot;}\">\n\t\t\t\t\t<div class=\"elementor-shape elementor-shape-bottom\" aria-hidden=\"true\" data-negative=\"true\">\n\t\t\t<svg xmlns=\"http:\/\/www.w3.org\/2000\/svg\" viewbox=\"0 0 1000 100\" preserveaspectratio=\"none\">\n\t<path class=\"elementor-shape-fill\" d=\"M761.9,40.6L643.1,24L333.9,93.8L0.1,1H0v99h1000V1\"\/>\n<\/svg>\t\t<\/div>\n\t\t\t\t\t<div class=\"elementor-container elementor-column-gap-no\">\n\t\t\t\t\t<div class=\"elementor-column elementor-col-100 elementor-top-column elementor-element elementor-element-7e3cceef\" data-id=\"7e3cceef\" data-element_type=\"column\" data-e-type=\"column\">\n\t\t\t<div class=\"elementor-widget-wrap elementor-element-populated\">\n\t\t\t\t\t\t<div class=\"elementor-element elementor-element-1f751b1f elementor--h-position-center elementor--v-position-middle elementor-arrows-position-inside elementor-widget elementor-widget-slides\" data-id=\"1f751b1f\" data-element_type=\"widget\" data-e-type=\"widget\" data-settings=\"{&quot;navigation&quot;:&quot;arrows&quot;,&quot;autoplay&quot;:&quot;yes&quot;,&quot;pause_on_hover&quot;:&quot;yes&quot;,&quot;pause_on_interaction&quot;:&quot;yes&quot;,&quot;autoplay_speed&quot;:5000,&quot;infinite&quot;:&quot;yes&quot;,&quot;transition&quot;:&quot;slide&quot;,&quot;transition_speed&quot;:500}\" data-widget_type=\"slides.default\">\n\t\t\t\t<div class=\"elementor-widget-container\">\n\t\t\t\t\t\t\t\t\t<div class=\"elementor-swiper\">\n\t\t\t\t\t<div class=\"elementor-slides-wrapper elementor-main-swiper swiper\" role=\"region\" aria-roledescription=\"carousel\" aria-label=\"Slides\" dir=\"ltr\" data-animation=\"fadeInUp\">\n\t\t\t\t<div class=\"swiper-wrapper elementor-slides\">\n\t\t\t\t\t\t\t\t\t\t<div class=\"elementor-repeater-item-bd35d35 swiper-slide\" role=\"group\" aria-roledescription=\"slide\"><div class=\"swiper-slide-bg\" role=\"img\" aria-label=\"bloeddruk meting\"><\/div><div class=\"elementor-background-overlay\"><\/div><div class=\"swiper-slide-inner\" ><div class=\"swiper-slide-contents\"><div class=\"elementor-slide-heading\">\u0627\u0644\u062a\u0633\u062c\u064a\u0644<\/div><\/div><\/div><\/div>\t\t\t\t<\/div>\n\t\t\t\t\t\t\t<\/div>\n\t\t\t\t<\/div>\n\t\t\t\t\t\t\t\t<\/div>\n\t\t\t\t<\/div>\n\t\t\t\t\t<\/div>\n\t\t<\/div>\n\t\t\t\t\t<\/div>\n\t\t<\/section>\n\t\t\t\t<section class=\"elementor-section elementor-top-section elementor-element elementor-element-1851b5e9 elementor-section-content-middle elementor-section-boxed elementor-section-height-default elementor-section-height-default\" data-id=\"1851b5e9\" data-element_type=\"section\" data-e-type=\"section\">\n\t\t\t\t\t\t<div class=\"elementor-container elementor-column-gap-wider\">\n\t\t\t\t\t<div class=\"elementor-column elementor-col-50 elementor-top-column elementor-element elementor-element-12ec1f28\" data-id=\"12ec1f28\" data-element_type=\"column\" data-e-type=\"column\">\n\t\t\t<div class=\"elementor-widget-wrap elementor-element-populated\">\n\t\t\t\t\t\t<div class=\"elementor-element elementor-element-413afe64 elementor-widget elementor-widget-text-editor\" data-id=\"413afe64\" data-element_type=\"widget\" data-e-type=\"widget\" data-widget_type=\"text-editor.default\">\n\t\t\t\t<div class=\"elementor-widget-container\">\n\t\t\t\t\t\t\t\t\t<h1>\u0627\u0644\u062a\u0633\u062c\u064a\u0644 \u0641\u064a \u0639\u064a\u0627\u062f\u0629 \u0623\u0637\u0628\u0627\u0621 \u0628\u064a\u062c\u0648\u0645<\/h1>\n<p>\u0647\u0644 \u062a\u0642\u064a\u0645 \u0641\u064a \u062d\u064a \u0628\u064a\u062c\u0648\u0645\u061f \u0625\u0630\u0627\u064b\u060c \u064a\u0645\u0643\u0646\u0643 \u0627\u0644\u062a\u0633\u062c\u064a\u0644 \u0644\u062f\u064a\u0646\u0627 \u0641\u064a \u0639\u064a\u0627\u062f\u0629 \u0627\u0644\u0623\u0637\u0628\u0627\u0621 \u0627\u0644\u0639\u0627\u0645\u064a\u0646. \u064a\u0645\u0643\u0646 \u0644\u0644\u0645\u0631\u064a\u0636 \u0623\u0646 \u064a\u0643\u0648\u0646 \u0645\u0633\u062c\u0644\u0627\u064b \u0644\u062f\u0649 \u0637\u0628\u064a\u0628 \u0639\u0627\u0645 \u0648\u0627\u062d\u062f \u0641\u0642\u0637\u060c \u0644\u0630\u0644\u0643 \u0646\u062d\u062a\u0627\u062c \u0625\u0644\u0649 \u0645\u0648\u0627\u0641\u0642\u062a\u0643 \u0644\u0644\u062a\u0633\u062c\u064a\u0644 \u0648\u0637\u0644\u0628 \u0645\u0644\u0641\u0643 \u0627\u0644\u0637\u0628\u064a \u0645\u0646 \u0637\u0628\u064a\u0628\u0643 \u0627\u0644\u0633\u0627\u0628\u0642. \u0644\u0630\u0644\u0643\u060c \u0646\u0631\u062c\u0648 \u0645\u0646\u0643 \u0645\u0644\u0621 \u0627\u0633\u062a\u0645\u0627\u0631\u0629 \u0627\u0644\u062a\u0633\u062c\u064a\u0644 \u0628\u0627\u0644\u0643\u0627\u0645\u0644. \u0625\u0630\u0627 \u0643\u0627\u0646\u062a \u0644\u062f\u064a\u0643 \u0623\u064a \u0623\u0633\u0626\u0644\u0629\u060c \u064a\u0645\u0643\u0646\u0643 \u0627\u0644\u062a\u0648\u0627\u0635\u0644 \u0645\u0639 \u0627\u0644\u0645\u0633\u0627\u0639\u062f\u0629 \u0627\u0644\u0637\u0628\u064a\u0629.<\/p>\t\t\t\t\t\t\t\t<\/div>\n\t\t\t\t<\/div>\n\t\t\t\t<div class=\"elementor-element elementor-element-9b0b426 elementor-widget elementor-widget-button\" data-id=\"9b0b426\" data-element_type=\"widget\" data-e-type=\"widget\" data-widget_type=\"button.default\">\n\t\t\t\t<div class=\"elementor-widget-container\">\n\t\t\t\t\t\t\t\t\t<div class=\"elementor-button-wrapper\">\n\t\t\t\t\t<a class=\"elementor-button elementor-button-link elementor-size-sm\" href=\"https:\/\/hapbeijum.nl\/wp-content\/uploads\/2025\/02\/Inschrijfformulier-Huisartsen-Beijum-incl.-verklaring-LSP-2024.pdf\" target=\"_blank\">\n\t\t\t\t\t\t<span class=\"elementor-button-content-wrapper\">\n\t\t\t\t\t\t\t\t\t<span class=\"elementor-button-text\">\u0646\u0645\u0648\u0630\u062c \u0627\u0644\u062a\u0633\u062c\u064a\u0644<\/span>\n\t\t\t\t\t<\/span>\n\t\t\t\t\t<\/a>\n\t\t\t\t<\/div>\n\t\t\t\t\t\t\t\t<\/div>\n\t\t\t\t<\/div>\n\t\t\t\t\t<\/div>\n\t\t<\/div>\n\t\t\t\t<div class=\"elementor-column elementor-col-50 elementor-top-column elementor-element elementor-element-485e93a7\" data-id=\"485e93a7\" data-element_type=\"column\" data-e-type=\"column\">\n\t\t\t<div class=\"elementor-widget-wrap elementor-element-populated\">\n\t\t\t\t\t\t<div class=\"elementor-element elementor-element-1b8f9366 elementor-widget elementor-widget-image\" data-id=\"1b8f9366\" data-element_type=\"widget\" data-e-type=\"widget\" data-widget_type=\"image.default\">\n\t\t\t\t<div class=\"elementor-widget-container\">\n\t\t\t\t\t\t\t\t\t\t\t\t\t\t\t<img fetchpriority=\"high\" decoding=\"async\" width=\"640\" height=\"480\" src=\"https:\/\/hapbeijum.nl\/wp-content\/uploads\/2020\/11\/Huisartsenpraktijk-Beijum.jpg\" class=\"attachment-large size-large wp-image-185\" alt=\"Huisartsenpraktijk Beijum\" srcset=\"https:\/\/hapbeijum.nl\/wp-content\/uploads\/2020\/11\/Huisartsenpraktijk-Beijum.jpg 640w, https:\/\/hapbeijum.nl\/wp-content\/uploads\/2020\/11\/Huisartsenpraktijk-Beijum-300x225.jpg 300w\" sizes=\"(max-width: 640px) 100vw, 640px\" \/>\t\t\t\t\t\t\t\t\t\t\t\t\t\t\t<\/div>\n\t\t\t\t<\/div>\n\t\t\t\t\t<\/div>\n\t\t<\/div>\n\t\t\t\t\t<\/div>\n\t\t<\/section>\n\t\t\t\t<\/div>","protected":false},"excerpt":{"rendered":"<p>Inschrijven Inschrijven bij huisartsen Beijum Bent u woonachtig in de wijk Beijum? Dan kunt u zich inschrijven bij ons in de huisartsenpraktijk. Een pati\u00ebnt kan bij \u00e9\u00e9n huisarts ingeschreven staan, daarom hebben wij uw toestemming nodig om u in te schrijven en uw dossier op te vragen bij uw vorige huisarts. Hiervoor willen wij u &#8230; <a title=\"\u0627\u0644\u062a\u0633\u062c\u064a\u0644\" class=\"read-more\" href=\"https:\/\/hapbeijum.nl\/ar\/aanmelden\/\" aria-label=\"Read more about Inschrijven\">Read more<\/a><\/p>","protected":false},"author":1,"featured_media":0,"parent":0,"menu_order":0,"comment_status":"closed","ping_status":"closed","template":"","meta":{"footnotes":""},"class_list":["post-206","page","type-page","status-publish"],"yoast_head":"<!-- This site is optimized with the Yoast SEO plugin v27.4 - https:\/\/yoast.com\/product\/yoast-seo-wordpress\/ -->\n<title>Inschrijven | Huisartsen Beijum<\/title>\n<meta name=\"description\" content=\"Aanmelden bij Huisartsen Beijum kan online. Dowload het inschrijfformulier op onze website. Bij vragen kunt u contact opnemen!\" \/>\n<meta name=\"robots\" content=\"index, follow, max-snippet:-1, max-image-preview:large, max-video-preview:-1\" \/>\n<link rel=\"canonical\" href=\"https:\/\/hapbeijum.nl\/ar\/aanmelden\/\" \/>\n<meta property=\"og:locale\" content=\"ar_AR\" \/>\n<meta property=\"og:type\" content=\"article\" \/>\n<meta property=\"og:title\" content=\"Inschrijven | Huisartsen Beijum\" \/>\n<meta property=\"og:description\" content=\"Aanmelden bij Huisartsen Beijum kan online. Dowload het inschrijfformulier op onze website. Bij vragen kunt u contact opnemen!\" \/>\n<meta property=\"og:url\" content=\"https:\/\/hapbeijum.nl\/ar\/aanmelden\/\" \/>\n<meta property=\"og:site_name\" content=\"Huisartsen Beijum\" \/>\n<meta property=\"article:modified_time\" content=\"2025-02-25T08:46:41+00:00\" \/>\n<meta property=\"og:image\" content=\"https:\/\/hapbeijum.nl\/wp-content\/uploads\/2020\/11\/Huisartsenpraktijk-Beijum.jpg\" \/>\n\t<meta property=\"og:image:width\" content=\"640\" \/>\n\t<meta property=\"og:image:height\" content=\"480\" \/>\n\t<meta property=\"og:image:type\" content=\"image\/jpeg\" \/>\n<meta name=\"twitter:card\" content=\"summary_large_image\" \/>\n<meta name=\"twitter:label1\" content=\"\u0648\u0642\u062a \u0627\u0644\u0642\u0631\u0627\u0621\u0629 \u0627\u0644\u0645\u064f\u0642\u062f\u0651\u0631\" \/>\n\t<meta name=\"twitter:data1\" content=\"\u062f\u0642\u064a\u0642\u0629 \u0648\u0627\u062d\u062f\u0629\" \/>\n<script type=\"application\/ld+json\" class=\"yoast-schema-graph\">{\"@context\":\"https:\\\/\\\/schema.org\",\"@graph\":[{\"@type\":\"WebPage\",\"@id\":\"https:\\\/\\\/hapbeijum.nl\\\/aanmelden\\\/\",\"url\":\"https:\\\/\\\/hapbeijum.nl\\\/aanmelden\\\/\",\"name\":\"Inschrijven | Huisartsen Beijum\",\"isPartOf\":{\"@id\":\"https:\\\/\\\/hapbeijum.nl\\\/#website\"},\"primaryImageOfPage\":{\"@id\":\"https:\\\/\\\/hapbeijum.nl\\\/aanmelden\\\/#primaryimage\"},\"image\":{\"@id\":\"https:\\\/\\\/hapbeijum.nl\\\/aanmelden\\\/#primaryimage\"},\"thumbnailUrl\":\"https:\\\/\\\/hapbeijum.nl\\\/wp-content\\\/uploads\\\/2020\\\/11\\\/Huisartsenpraktijk-Beijum.jpg\",\"datePublished\":\"2020-12-21T14:55:45+00:00\",\"dateModified\":\"2025-02-25T08:46:41+00:00\",\"description\":\"Aanmelden bij Huisartsen Beijum kan online. Dowload het inschrijfformulier op onze website. Bij vragen kunt u contact opnemen!\",\"breadcrumb\":{\"@id\":\"https:\\\/\\\/hapbeijum.nl\\\/aanmelden\\\/#breadcrumb\"},\"inLanguage\":\"ar\",\"potentialAction\":[{\"@type\":\"ReadAction\",\"target\":[\"https:\\\/\\\/hapbeijum.nl\\\/aanmelden\\\/\"]}]},{\"@type\":\"ImageObject\",\"inLanguage\":\"ar\",\"@id\":\"https:\\\/\\\/hapbeijum.nl\\\/aanmelden\\\/#primaryimage\",\"url\":\"https:\\\/\\\/hapbeijum.nl\\\/wp-content\\\/uploads\\\/2020\\\/11\\\/Huisartsenpraktijk-Beijum.jpg\",\"contentUrl\":\"https:\\\/\\\/hapbeijum.nl\\\/wp-content\\\/uploads\\\/2020\\\/11\\\/Huisartsenpraktijk-Beijum.jpg\"},{\"@type\":\"BreadcrumbList\",\"@id\":\"https:\\\/\\\/hapbeijum.nl\\\/aanmelden\\\/#breadcrumb\",\"itemListElement\":[{\"@type\":\"ListItem\",\"position\":1,\"name\":\"Home\",\"item\":\"https:\\\/\\\/hapbeijum.nl\\\/\"},{\"@type\":\"ListItem\",\"position\":2,\"name\":\"Inschrijven\"}]},{\"@type\":\"WebSite\",\"@id\":\"https:\\\/\\\/hapbeijum.nl\\\/#website\",\"url\":\"https:\\\/\\\/hapbeijum.nl\\\/\",\"name\":\"Huisartsen Beijum\",\"description\":\"\",\"publisher\":{\"@id\":\"https:\\\/\\\/hapbeijum.nl\\\/#organization\"},\"potentialAction\":[{\"@type\":\"SearchAction\",\"target\":{\"@type\":\"EntryPoint\",\"urlTemplate\":\"https:\\\/\\\/hapbeijum.nl\\\/?s={search_term_string}\"},\"query-input\":{\"@type\":\"PropertyValueSpecification\",\"valueRequired\":true,\"valueName\":\"search_term_string\"}}],\"inLanguage\":\"ar\"},{\"@type\":\"Organization\",\"@id\":\"https:\\\/\\\/hapbeijum.nl\\\/#organization\",\"name\":\"Huisartsen Beijum\",\"url\":\"https:\\\/\\\/hapbeijum.nl\\\/\",\"logo\":{\"@type\":\"ImageObject\",\"inLanguage\":\"ar\",\"@id\":\"https:\\\/\\\/hapbeijum.nl\\\/#\\\/schema\\\/logo\\\/image\\\/\",\"url\":\"https:\\\/\\\/hapbeijum.nl\\\/wp-content\\\/uploads\\\/2020\\\/11\\\/praktijklogo.png\",\"contentUrl\":\"https:\\\/\\\/hapbeijum.nl\\\/wp-content\\\/uploads\\\/2020\\\/11\\\/praktijklogo.png\",\"width\":351,\"height\":154,\"caption\":\"Huisartsen Beijum\"},\"image\":{\"@id\":\"https:\\\/\\\/hapbeijum.nl\\\/#\\\/schema\\\/logo\\\/image\\\/\"}}]}<\/script>\n<!-- \/ Yoast SEO plugin. -->","yoast_head_json":{"title":"Inschrijven | Huisartsen Beijum","description":"Aanmelden bij Huisartsen Beijum kan online. Dowload het inschrijfformulier op onze website. Bij vragen kunt u contact opnemen!","robots":{"index":"index","follow":"follow","max-snippet":"max-snippet:-1","max-image-preview":"max-image-preview:large","max-video-preview":"max-video-preview:-1"},"canonical":"https:\/\/hapbeijum.nl\/ar\/aanmelden\/","og_locale":"ar_AR","og_type":"article","og_title":"Inschrijven | Huisartsen Beijum","og_description":"Aanmelden bij Huisartsen Beijum kan online. Dowload het inschrijfformulier op onze website. Bij vragen kunt u contact opnemen!","og_url":"https:\/\/hapbeijum.nl\/ar\/aanmelden\/","og_site_name":"Huisartsen Beijum","article_modified_time":"2025-02-25T08:46:41+00:00","og_image":[{"width":640,"height":480,"url":"https:\/\/hapbeijum.nl\/wp-content\/uploads\/2020\/11\/Huisartsenpraktijk-Beijum.jpg","type":"image\/jpeg"}],"twitter_card":"summary_large_image","twitter_misc":{"\u0648\u0642\u062a \u0627\u0644\u0642\u0631\u0627\u0621\u0629 \u0627\u0644\u0645\u064f\u0642\u062f\u0651\u0631":"\u062f\u0642\u064a\u0642\u0629 \u0648\u0627\u062d\u062f\u0629"},"schema":{"@context":"https:\/\/schema.org","@graph":[{"@type":"WebPage","@id":"https:\/\/hapbeijum.nl\/aanmelden\/","url":"https:\/\/hapbeijum.nl\/aanmelden\/","name":"Inschrijven | Huisartsen Beijum","isPartOf":{"@id":"https:\/\/hapbeijum.nl\/#website"},"primaryImageOfPage":{"@id":"https:\/\/hapbeijum.nl\/aanmelden\/#primaryimage"},"image":{"@id":"https:\/\/hapbeijum.nl\/aanmelden\/#primaryimage"},"thumbnailUrl":"https:\/\/hapbeijum.nl\/wp-content\/uploads\/2020\/11\/Huisartsenpraktijk-Beijum.jpg","datePublished":"2020-12-21T14:55:45+00:00","dateModified":"2025-02-25T08:46:41+00:00","description":"Aanmelden bij Huisartsen Beijum kan online. Dowload het inschrijfformulier op onze website. Bij vragen kunt u contact opnemen!","breadcrumb":{"@id":"https:\/\/hapbeijum.nl\/aanmelden\/#breadcrumb"},"inLanguage":"ar","potentialAction":[{"@type":"ReadAction","target":["https:\/\/hapbeijum.nl\/aanmelden\/"]}]},{"@type":"ImageObject","inLanguage":"ar","@id":"https:\/\/hapbeijum.nl\/aanmelden\/#primaryimage","url":"https:\/\/hapbeijum.nl\/wp-content\/uploads\/2020\/11\/Huisartsenpraktijk-Beijum.jpg","contentUrl":"https:\/\/hapbeijum.nl\/wp-content\/uploads\/2020\/11\/Huisartsenpraktijk-Beijum.jpg"},{"@type":"BreadcrumbList","@id":"https:\/\/hapbeijum.nl\/aanmelden\/#breadcrumb","itemListElement":[{"@type":"ListItem","position":1,"name":"Home","item":"https:\/\/hapbeijum.nl\/"},{"@type":"ListItem","position":2,"name":"Inschrijven"}]},{"@type":"WebSite","@id":"https:\/\/hapbeijum.nl\/#website","url":"https:\/\/hapbeijum.nl\/","name":"Huisartsen Beijum","description":"","publisher":{"@id":"https:\/\/hapbeijum.nl\/#organization"},"potentialAction":[{"@type":"SearchAction","target":{"@type":"EntryPoint","urlTemplate":"https:\/\/hapbeijum.nl\/?s={search_term_string}"},"query-input":{"@type":"PropertyValueSpecification","valueRequired":true,"valueName":"search_term_string"}}],"inLanguage":"ar"},{"@type":"Organization","@id":"https:\/\/hapbeijum.nl\/#organization","name":"Huisartsen Beijum","url":"https:\/\/hapbeijum.nl\/","logo":{"@type":"ImageObject","inLanguage":"ar","@id":"https:\/\/hapbeijum.nl\/#\/schema\/logo\/image\/","url":"https:\/\/hapbeijum.nl\/wp-content\/uploads\/2020\/11\/praktijklogo.png","contentUrl":"https:\/\/hapbeijum.nl\/wp-content\/uploads\/2020\/11\/praktijklogo.png","width":351,"height":154,"caption":"Huisartsen Beijum"},"image":{"@id":"https:\/\/hapbeijum.nl\/#\/schema\/logo\/image\/"}}]}},"_links":{"self":[{"href":"https:\/\/hapbeijum.nl\/ar\/wp-json\/wp\/v2\/pages\/206","targetHints":{"allow":["GET"]}}],"collection":[{"href":"https:\/\/hapbeijum.nl\/ar\/wp-json\/wp\/v2\/pages"}],"about":[{"href":"https:\/\/hapbeijum.nl\/ar\/wp-json\/wp\/v2\/types\/page"}],"author":[{"embeddable":true,"href":"https:\/\/hapbeijum.nl\/ar\/wp-json\/wp\/v2\/users\/1"}],"replies":[{"embeddable":true,"href":"https:\/\/hapbeijum.nl\/ar\/wp-json\/wp\/v2\/comments?post=206"}],"version-history":[{"count":50,"href":"https:\/\/hapbeijum.nl\/ar\/wp-json\/wp\/v2\/pages\/206\/revisions"}],"predecessor-version":[{"id":2699,"href":"https:\/\/hapbeijum.nl\/ar\/wp-json\/wp\/v2\/pages\/206\/revisions\/2699"}],"wp:attachment":[{"href":"https:\/\/hapbeijum.nl\/ar\/wp-json\/wp\/v2\/media?parent=206"}],"curies":[{"name":"wp","href":"https:\/\/api.w.org\/{rel}","templated":true}]}}